{"id":23,"date":"2023-07-19T05:49:05","date_gmt":"2023-07-19T08:49:05","guid":{"rendered":"https:\/\/meloengenhariaconsultoria.com.br\/?page_id=23"},"modified":"2023-07-26T05:03:17","modified_gmt":"2023-07-26T08:03:17","slug":"contato","status":"publish","type":"page","link":"https:\/\/meloengenhariaconsultoria.com.br\/?page_id=23","title":{"rendered":"Contato"},"content":{"rendered":"\t\t<div data-elementor-type=\"wp-page\" data-elementor-id=\"23\" class=\"elementor elementor-23\">\n\t\t\t\t\t\t\t<div class=\"elementor-element elementor-element-3a73d26 e-flex e-con-boxed e-con\" data-id=\"3a73d26\" data-element_type=\"container\" data-settings=\"{&quot;content_width&quot;:&quot;boxed&quot;}\">\n\t\t\t\t\t<div class=\"e-con-inner\">\n\t\t<div class=\"elementor-element elementor-element-aa57608 e-con-full e-flex e-con\" data-id=\"aa57608\" data-element_type=\"container\" data-settings=\"{&quot;content_width&quot;:&quot;full&quot;}\">\n\t\t\t\t<div class=\"elementor-element elementor-element-ef3c48f elementor-widget__width-inherit elementor-widget elementor-widget-image\" data-id=\"ef3c48f\" data-element_type=\"widget\" data-widget_type=\"image.default\">\n\t\t\t\t<div class=\"elementor-widget-container\">\n\t\t\t<style>\/*! elementor - v3.14.0 - 26-06-2023 *\/\n.elementor-widget-image{text-align:center}.elementor-widget-image a{display:inline-block}.elementor-widget-image a img[src$=\".svg\"]{width:48px}.elementor-widget-image img{vertical-align:middle;display:inline-block}<\/style>\t\t\t\t\t\t\t\t\t\t\t\t<img decoding=\"async\" width=\"600\" height=\"800\" src=\"https:\/\/meloengenhariaconsultoria.com.br\/wp-content\/uploads\/2023\/07\/Contato-Melo-Engenharia-1.png\" class=\"attachment-full size-full wp-image-1054\" alt=\"\" srcset=\"https:\/\/meloengenhariaconsultoria.com.br\/wp-content\/uploads\/2023\/07\/Contato-Melo-Engenharia-1.png 600w, https:\/\/meloengenhariaconsultoria.com.br\/wp-content\/uploads\/2023\/07\/Contato-Melo-Engenharia-1-225x300.png 225w\" sizes=\"(max-width: 600px) 100vw, 600px\" \/>\t\t\t\t\t\t\t\t\t\t\t\t\t\t\t<\/div>\n\t\t\t\t<\/div>\n\t\t\t\t<\/div>\n\t\t<div class=\"elementor-element elementor-element-2aea977 e-con-full e-flex e-con\" data-id=\"2aea977\" data-element_type=\"container\" data-settings=\"{&quot;content_width&quot;:&quot;full&quot;}\">\n\t\t\t\t<div class=\"elementor-element elementor-element-cf4b1da elementor-widget__width-inherit elementor-widget elementor-widget-image\" data-id=\"cf4b1da\" data-element_type=\"widget\" data-widget_type=\"image.default\">\n\t\t\t\t<div class=\"elementor-widget-container\">\n\t\t\t\t\t\t\t\t\t\t\t\t\t\t\t<img decoding=\"async\" width=\"200\" height=\"150\" src=\"https:\/\/meloengenhariaconsultoria.com.br\/wp-content\/uploads\/2023\/07\/Foto-Contato3.png\" class=\"attachment-large size-large wp-image-1016\" alt=\"\" \/>\t\t\t\t\t\t\t\t\t\t\t\t\t\t\t<\/div>\n\t\t\t\t<\/div>\n\t\t\t\t<div class=\"elementor-element elementor-element-f2d4fd8 elementor-widget-mobile__width-initial elementor-widget elementor-widget-heading\" data-id=\"f2d4fd8\" data-element_type=\"widget\" data-widget_type=\"heading.default\">\n\t\t\t\t<div class=\"elementor-widget-container\">\n\t\t\t<style>\/*! elementor - v3.14.0 - 26-06-2023 *\/\n.elementor-heading-title{padding:0;margin:0;line-height:1}.elementor-widget-heading .elementor-heading-title[class*=elementor-size-]>a{color:inherit;font-size:inherit;line-height:inherit}.elementor-widget-heading .elementor-heading-title.elementor-size-small{font-size:15px}.elementor-widget-heading .elementor-heading-title.elementor-size-medium{font-size:19px}.elementor-widget-heading .elementor-heading-title.elementor-size-large{font-size:29px}.elementor-widget-heading .elementor-heading-title.elementor-size-xl{font-size:39px}.elementor-widget-heading .elementor-heading-title.elementor-size-xxl{font-size:59px}<\/style><h2 class=\"elementor-heading-title elementor-size-default\"><a href=\"http:\/\/Servi\u00e7os\">FALE CONOSCO<\/a><\/h2>\t\t<\/div>\n\t\t\t\t<\/div>\n\t\t\t\t<div class=\"elementor-element elementor-element-41d346a elementor-icon-list--layout-traditional elementor-list-item-link-full_width elementor-widget elementor-widget-icon-list\" data-id=\"41d346a\" data-element_type=\"widget\" data-widget_type=\"icon-list.default\">\n\t\t\t\t<div class=\"elementor-widget-container\">\n\t\t\t<link rel=\"stylesheet\" href=\"https:\/\/meloengenhariaconsultoria.com.br\/wp-content\/plugins\/elementor\/assets\/css\/widget-icon-list.min.css\">\t\t<ul class=\"elementor-icon-list-items\">\n\t\t\t\t\t\t\t<li class=\"elementor-icon-list-item\">\n\t\t\t\t\t\t\t\t\t\t\t<span class=\"elementor-icon-list-icon\">\n\t\t\t\t\t\t\t<i aria-hidden=\"true\" class=\"fas fa-phone-alt\"><\/i>\t\t\t\t\t\t<\/span>\n\t\t\t\t\t\t\t\t\t\t<span class=\"elementor-icon-list-text\">(31) 9 8311-2614<\/span>\n\t\t\t\t\t\t\t\t\t<\/li>\n\t\t\t\t\t\t<\/ul>\n\t\t\t\t<\/div>\n\t\t\t\t<\/div>\n\t\t\t\t<div class=\"elementor-element elementor-element-53a88b8 elementor-icon-list--layout-traditional elementor-list-item-link-full_width elementor-widget elementor-widget-icon-list\" data-id=\"53a88b8\" data-element_type=\"widget\" data-widget_type=\"icon-list.default\">\n\t\t\t\t<div class=\"elementor-widget-container\">\n\t\t\t\t\t<ul class=\"elementor-icon-list-items\">\n\t\t\t\t\t\t\t<li class=\"elementor-icon-list-item\">\n\t\t\t\t\t\t\t\t\t\t\t<span class=\"elementor-icon-list-icon\">\n\t\t\t\t\t\t\t<i aria-hidden=\"true\" class=\"fab fa-whatsapp\"><\/i>\t\t\t\t\t\t<\/span>\n\t\t\t\t\t\t\t\t\t\t<span class=\"elementor-icon-list-text\">(31) 9 8311-2614<\/span>\n\t\t\t\t\t\t\t\t\t<\/li>\n\t\t\t\t\t\t<\/ul>\n\t\t\t\t<\/div>\n\t\t\t\t<\/div>\n\t\t\t\t<div class=\"elementor-element elementor-element-109abc9 elementor-icon-list--layout-traditional elementor-list-item-link-full_width elementor-widget elementor-widget-icon-list\" data-id=\"109abc9\" data-element_type=\"widget\" data-widget_type=\"icon-list.default\">\n\t\t\t\t<div class=\"elementor-widget-container\">\n\t\t\t\t\t<ul class=\"elementor-icon-list-items\">\n\t\t\t\t\t\t\t<li class=\"elementor-icon-list-item\">\n\t\t\t\t\t\t\t\t\t\t\t<span class=\"elementor-icon-list-icon\">\n\t\t\t\t\t\t\t<i aria-hidden=\"true\" class=\"fas fa-map-marker-alt\"><\/i>\t\t\t\t\t\t<\/span>\n\t\t\t\t\t\t\t\t\t\t<span class=\"elementor-icon-list-text\">Belo Horizonte, MG<\/span>\n\t\t\t\t\t\t\t\t\t<\/li>\n\t\t\t\t\t\t<\/ul>\n\t\t\t\t<\/div>\n\t\t\t\t<\/div>\n\t\t\t\t<div class=\"elementor-element elementor-element-a4cd6ff elementor-icon-list--layout-traditional elementor-list-item-link-full_width elementor-widget elementor-widget-icon-list\" data-id=\"a4cd6ff\" data-element_type=\"widget\" data-widget_type=\"icon-list.default\">\n\t\t\t\t<div class=\"elementor-widget-container\">\n\t\t\t\t\t<ul class=\"elementor-icon-list-items\">\n\t\t\t\t\t\t\t<li class=\"elementor-icon-list-item\">\n\t\t\t\t\t\t\t\t\t\t\t<span class=\"elementor-icon-list-icon\">\n\t\t\t\t\t\t\t<i aria-hidden=\"true\" class=\"far fa-envelope\"><\/i>\t\t\t\t\t\t<\/span>\n\t\t\t\t\t\t\t\t\t\t<span class=\"elementor-icon-list-text\">comercial@meloengenharia.com.br<\/span>\n\t\t\t\t\t\t\t\t\t<\/li>\n\t\t\t\t\t\t<\/ul>\n\t\t\t\t<\/div>\n\t\t\t\t<\/div>\n\t\t\t\t<\/div>\n\t\t<div class=\"elementor-element elementor-element-1df7f49 e-con-full e-flex e-con\" data-id=\"1df7f49\" data-element_type=\"container\" data-settings=\"{&quot;content_width&quot;:&quot;full&quot;}\">\n\t\t\t\t<div class=\"elementor-element elementor-element-7c83901 elementor-widget elementor-widget-shortcode\" data-id=\"7c83901\" data-element_type=\"widget\" data-widget_type=\"shortcode.default\">\n\t\t\t\t<div class=\"elementor-widget-container\">\n\t\t\t\t\t<div class=\"elementor-shortcode\"><div class=\"wpforms-container wpforms-container-full wpforms-render-modern\" id=\"wpforms-1021\"><form id=\"wpforms-form-1021\" class=\"wpforms-validate wpforms-form wpforms-ajax-form\" data-formid=\"1021\" method=\"post\" enctype=\"multipart\/form-data\" action=\"\/index.php?rest_route=%2Fwp%2Fv2%2Fpages%2F23\" data-token=\"56eddb6327ad323e18fbe7368ace53e9\"><noscript class=\"wpforms-error-noscript\">Please enable JavaScript in your browser to complete this form.<\/noscript><div class=\"wpforms-hidden\" id=\"wpforms-error-noscript\">Please enable JavaScript in your browser to complete this form.<\/div><div class=\"wpforms-field-container\"><div id=\"wpforms-1021-field_0-container\" class=\"wpforms-field wpforms-field-name\" data-field-id=\"0\"><fieldset><legend class=\"wpforms-field-label\">Nome <span class=\"wpforms-required-label\" aria-hidden=\"true\">*<\/span><\/legend><div class=\"wpforms-field-row wpforms-field-medium\"><div class=\"wpforms-field-row-block wpforms-first wpforms-one-half\"><input type=\"text\" id=\"wpforms-1021-field_0\" class=\"wpforms-field-name-first wpforms-field-required\" name=\"wpforms[fields][0][first]\" aria-errormessage=\"wpforms-1021-field_0-error\" required><label for=\"wpforms-1021-field_0\" class=\"wpforms-field-sublabel after \">First<\/label><\/div><div class=\"wpforms-field-row-block wpforms-one-half\"><input type=\"text\" id=\"wpforms-1021-field_0-last\" class=\"wpforms-field-name-last wpforms-field-required\" name=\"wpforms[fields][0][last]\" aria-errormessage=\"wpforms-1021-field_0-last-error\" required><label for=\"wpforms-1021-field_0-last\" class=\"wpforms-field-sublabel after \">Last<\/label><\/div><\/div><\/fieldset><\/div><div id=\"wpforms-1021-field_1-container\" class=\"wpforms-field wpforms-field-email\" data-field-id=\"1\"><label class=\"wpforms-field-label\" for=\"wpforms-1021-field_1\">E-mail <span class=\"wpforms-required-label\" aria-hidden=\"true\">*<\/span><\/label><input type=\"email\" id=\"wpforms-1021-field_1\" class=\"wpforms-field-medium wpforms-field-required\" name=\"wpforms[fields][1]\" spellcheck=\"false\" aria-errormessage=\"wpforms-1021-field_1-error\" required><\/div><div id=\"wpforms-1021-field_3-container\" class=\"wpforms-field wpforms-field-text\" data-field-id=\"3\"><label class=\"wpforms-field-label\" for=\"wpforms-1021-field_3\">Assunto<\/label><input type=\"text\" id=\"wpforms-1021-field_3\" class=\"wpforms-field-medium\" name=\"wpforms[fields][3]\" aria-errormessage=\"wpforms-1021-field_3-error\" ><\/div><div id=\"wpforms-1021-field_2-container\" class=\"wpforms-field wpforms-field-textarea\" data-field-id=\"2\"><label class=\"wpforms-field-label\" for=\"wpforms-1021-field_2\">Escreva aqui sua mensagem e seu telefone<\/label><textarea id=\"wpforms-1021-field_2\" class=\"wpforms-field-medium\" name=\"wpforms[fields][2]\" aria-errormessage=\"wpforms-1021-field_2-error\" ><\/textarea><\/div><\/div><!-- .wpforms-field-container --><div class=\"wpforms-submit-container\" ><input type=\"hidden\" name=\"wpforms[id]\" value=\"1021\"><input type=\"hidden\" name=\"wpforms[author]\" value=\"1\"><button type=\"submit\" name=\"wpforms[submit]\" id=\"wpforms-submit-1021\" class=\"wpforms-submit\" data-alt-text=\"Enviando\u2026\" data-submit-text=\"Enviar mensagem\" aria-live=\"assertive\" value=\"wpforms-submit\">Enviar mensagem<\/button><img decoding=\"async\" src=\"https:\/\/meloengenhariaconsultoria.com.br\/wp-content\/plugins\/wpforms-lite\/assets\/images\/submit-spin.svg\" class=\"wpforms-submit-spinner\" style=\"display: none;\" width=\"26\" height=\"26\" alt=\"Loading\"><\/div><\/form><\/div>  <!-- .wpforms-container --><\/div>\n\t\t\t\t<\/div>\n\t\t\t\t<\/div>\n\t\t\t\t<\/div>\n\t\t\t\t\t<\/div>\n\t\t\t\t<\/div>\n\t\t\t\t\t\t\t<\/div>\n\t\t","protected":false},"excerpt":{"rendered":"<p>FALE CONOSCO (31) 9 8311-2614 (31) 9 8311-2614 Belo Horizonte, MG comercial@meloengenharia.com.br<\/p>\n","protected":false},"author":1,"featured_media":0,"parent":0,"menu_order":0,"comment_status":"closed","ping_status":"closed","template":"elementor_header_footer","meta":{"om_disable_all_campaigns":false,"_mi_skip_tracking":false,"_monsterinsights_sitenote_active":false,"_monsterinsights_sitenote_note":"","_monsterinsights_sitenote_category":0},"yoast_head":"<!-- This site is optimized with the Yoast SEO plugin v20.11 - https:\/\/yoast.com\/wordpress\/plugins\/seo\/ -->\n<title>Contato - meloengenhariaconsultoria.com.br<\/title>\n<meta name=\"robots\" content=\"index, follow, max-snippet:-1, max-image-preview:large, max-video-preview:-1\" \/>\n<link rel=\"canonical\" href=\"https:\/\/meloengenhariaconsultoria.com.br\/?page_id=23\" \/>\n<meta property=\"og:locale\" content=\"en_US\" \/>\n<meta property=\"og:type\" content=\"article\" \/>\n<meta property=\"og:title\" content=\"Contato - meloengenhariaconsultoria.com.br\" \/>\n<meta property=\"og:description\" content=\"FALE CONOSCO (31) 9 8311-2614 (31) 9 8311-2614 Belo Horizonte, MG comercial@meloengenharia.com.br\" \/>\n<meta property=\"og:url\" content=\"https:\/\/meloengenhariaconsultoria.com.br\/?page_id=23\" \/>\n<meta property=\"og:site_name\" content=\"meloengenhariaconsultoria.com.br\" \/>\n<meta property=\"article:modified_time\" content=\"2023-07-26T08:03:17+00:00\" \/>\n<meta property=\"og:image\" content=\"http:\/\/meloengenhariaconsultoria.com.br\/wp-content\/uploads\/2023\/07\/Contato-Melo-Engenharia-1.png\" \/>\n<meta name=\"twitter:card\" content=\"summary_large_image\" \/>\n<meta name=\"twitter:label1\" content=\"Est. reading time\" \/>\n\t<meta name=\"twitter:data1\" content=\"1 minute\" \/>\n<script type=\"application\/ld+json\" class=\"yoast-schema-graph\">{\"@context\":\"https:\/\/schema.org\",\"@graph\":[{\"@type\":\"WebPage\",\"@id\":\"https:\/\/meloengenhariaconsultoria.com.br\/?page_id=23\",\"url\":\"https:\/\/meloengenhariaconsultoria.com.br\/?page_id=23\",\"name\":\"Contato - meloengenhariaconsultoria.com.br\",\"isPartOf\":{\"@id\":\"https:\/\/meloengenhariaconsultoria.com.br\/#website\"},\"datePublished\":\"2023-07-19T08:49:05+00:00\",\"dateModified\":\"2023-07-26T08:03:17+00:00\",\"breadcrumb\":{\"@id\":\"https:\/\/meloengenhariaconsultoria.com.br\/?page_id=23#breadcrumb\"},\"inLanguage\":\"en-US\",\"potentialAction\":[{\"@type\":\"ReadAction\",\"target\":[\"https:\/\/meloengenhariaconsultoria.com.br\/?page_id=23\"]}]},{\"@type\":\"BreadcrumbList\",\"@id\":\"https:\/\/meloengenhariaconsultoria.com.br\/?page_id=23#breadcrumb\",\"itemListElement\":[{\"@type\":\"ListItem\",\"position\":1,\"name\":\"In\u00edcio\",\"item\":\"https:\/\/meloengenhariaconsultoria.com.br\/\"},{\"@type\":\"ListItem\",\"position\":2,\"name\":\"Contato\"}]},{\"@type\":\"WebSite\",\"@id\":\"https:\/\/meloengenhariaconsultoria.com.br\/#website\",\"url\":\"https:\/\/meloengenhariaconsultoria.com.br\/\",\"name\":\"Melo Engenharia e Consultoria\",\"description\":\"Nossa empresa de Engenharia e Consultoria tem uma atua\u00e7\u00e3o abrangente, englobando a elabora\u00e7\u00e3o de planejamentos, or\u00e7amentos de obras, levantamentos de quantitativos e o acompanhamento do progresso das obras. Al\u00e9m disso, oferecemos servi\u00e7os especializados, como elabora\u00e7\u00e3o de laudos t\u00e9cnicos, visitas t\u00e9cnicas detalhadas e execu\u00e7\u00e3o de projetos com o aux\u00edlio de drones.\",\"publisher\":{\"@id\":\"https:\/\/meloengenhariaconsultoria.com.br\/#organization\"},\"potentialAction\":[{\"@type\":\"SearchAction\",\"target\":{\"@type\":\"EntryPoint\",\"urlTemplate\":\"https:\/\/meloengenhariaconsultoria.com.br\/?s={search_term_string}\"},\"query-input\":\"required name=search_term_string\"}],\"inLanguage\":\"en-US\"},{\"@type\":\"Organization\",\"@id\":\"https:\/\/meloengenhariaconsultoria.com.br\/#organization\",\"name\":\"Melo Engenharia e Consultoria\",\"url\":\"https:\/\/meloengenhariaconsultoria.com.br\/\",\"logo\":{\"@type\":\"ImageObject\",\"inLanguage\":\"en-US\",\"@id\":\"https:\/\/meloengenhariaconsultoria.com.br\/#\/schema\/logo\/image\/\",\"url\":\"https:\/\/meloengenhariaconsultoria.com.br\/wp-content\/uploads\/2023\/07\/Logo-Reduzido.png\",\"contentUrl\":\"https:\/\/meloengenhariaconsultoria.com.br\/wp-content\/uploads\/2023\/07\/Logo-Reduzido.png\",\"width\":400,\"height\":155,\"caption\":\"Melo Engenharia e Consultoria\"},\"image\":{\"@id\":\"https:\/\/meloengenhariaconsultoria.com.br\/#\/schema\/logo\/image\/\"}}]}<\/script>\n<!-- \/ Yoast SEO plugin. -->","yoast_head_json":{"title":"Contato - meloengenhariaconsultoria.com.br","robots":{"index":"index","follow":"follow","max-snippet":"max-snippet:-1","max-image-preview":"max-image-preview:large","max-video-preview":"max-video-preview:-1"},"canonical":"https:\/\/meloengenhariaconsultoria.com.br\/?page_id=23","og_locale":"en_US","og_type":"article","og_title":"Contato - meloengenhariaconsultoria.com.br","og_description":"FALE CONOSCO (31) 9 8311-2614 (31) 9 8311-2614 Belo Horizonte, MG comercial@meloengenharia.com.br","og_url":"https:\/\/meloengenhariaconsultoria.com.br\/?page_id=23","og_site_name":"meloengenhariaconsultoria.com.br","article_modified_time":"2023-07-26T08:03:17+00:00","og_image":[{"url":"http:\/\/meloengenhariaconsultoria.com.br\/wp-content\/uploads\/2023\/07\/Contato-Melo-Engenharia-1.png"}],"twitter_card":"summary_large_image","twitter_misc":{"Est. reading time":"1 minute"},"schema":{"@context":"https:\/\/schema.org","@graph":[{"@type":"WebPage","@id":"https:\/\/meloengenhariaconsultoria.com.br\/?page_id=23","url":"https:\/\/meloengenhariaconsultoria.com.br\/?page_id=23","name":"Contato - meloengenhariaconsultoria.com.br","isPartOf":{"@id":"https:\/\/meloengenhariaconsultoria.com.br\/#website"},"datePublished":"2023-07-19T08:49:05+00:00","dateModified":"2023-07-26T08:03:17+00:00","breadcrumb":{"@id":"https:\/\/meloengenhariaconsultoria.com.br\/?page_id=23#breadcrumb"},"inLanguage":"en-US","potentialAction":[{"@type":"ReadAction","target":["https:\/\/meloengenhariaconsultoria.com.br\/?page_id=23"]}]},{"@type":"BreadcrumbList","@id":"https:\/\/meloengenhariaconsultoria.com.br\/?page_id=23#breadcrumb","itemListElement":[{"@type":"ListItem","position":1,"name":"In\u00edcio","item":"https:\/\/meloengenhariaconsultoria.com.br\/"},{"@type":"ListItem","position":2,"name":"Contato"}]},{"@type":"WebSite","@id":"https:\/\/meloengenhariaconsultoria.com.br\/#website","url":"https:\/\/meloengenhariaconsultoria.com.br\/","name":"Melo Engenharia e Consultoria","description":"Nossa empresa de Engenharia e Consultoria tem uma atua\u00e7\u00e3o abrangente, englobando a elabora\u00e7\u00e3o de planejamentos, or\u00e7amentos de obras, levantamentos de quantitativos e o acompanhamento do progresso das obras. Al\u00e9m disso, oferecemos servi\u00e7os especializados, como elabora\u00e7\u00e3o de laudos t\u00e9cnicos, visitas t\u00e9cnicas detalhadas e execu\u00e7\u00e3o de projetos com o aux\u00edlio de drones.","publisher":{"@id":"https:\/\/meloengenhariaconsultoria.com.br\/#organization"},"potentialAction":[{"@type":"SearchAction","target":{"@type":"EntryPoint","urlTemplate":"https:\/\/meloengenhariaconsultoria.com.br\/?s={search_term_string}"},"query-input":"required name=search_term_string"}],"inLanguage":"en-US"},{"@type":"Organization","@id":"https:\/\/meloengenhariaconsultoria.com.br\/#organization","name":"Melo Engenharia e Consultoria","url":"https:\/\/meloengenhariaconsultoria.com.br\/","logo":{"@type":"ImageObject","inLanguage":"en-US","@id":"https:\/\/meloengenhariaconsultoria.com.br\/#\/schema\/logo\/image\/","url":"https:\/\/meloengenhariaconsultoria.com.br\/wp-content\/uploads\/2023\/07\/Logo-Reduzido.png","contentUrl":"https:\/\/meloengenhariaconsultoria.com.br\/wp-content\/uploads\/2023\/07\/Logo-Reduzido.png","width":400,"height":155,"caption":"Melo Engenharia e Consultoria"},"image":{"@id":"https:\/\/meloengenhariaconsultoria.com.br\/#\/schema\/logo\/image\/"}}]}},"_links":{"self":[{"href":"https:\/\/meloengenhariaconsultoria.com.br\/index.php?rest_route=\/wp\/v2\/pages\/23"}],"collection":[{"href":"https:\/\/meloengenhariaconsultoria.com.br\/index.php?rest_route=\/wp\/v2\/pages"}],"about":[{"href":"https:\/\/meloengenhariaconsultoria.com.br\/index.php?rest_route=\/wp\/v2\/types\/page"}],"author":[{"embeddable":true,"href":"https:\/\/meloengenhariaconsultoria.com.br\/index.php?rest_route=\/wp\/v2\/users\/1"}],"replies":[{"embeddable":true,"href":"https:\/\/meloengenhariaconsultoria.com.br\/index.php?rest_route=%2Fwp%2Fv2%2Fcomments&post=23"}],"version-history":[{"count":51,"href":"https:\/\/meloengenhariaconsultoria.com.br\/index.php?rest_route=\/wp\/v2\/pages\/23\/revisions"}],"predecessor-version":[{"id":1078,"href":"https:\/\/meloengenhariaconsultoria.com.br\/index.php?rest_route=\/wp\/v2\/pages\/23\/revisions\/1078"}],"wp:attachment":[{"href":"https:\/\/meloengenhariaconsultoria.com.br\/index.php?rest_route=%2Fwp%2Fv2%2Fmedia&parent=23"}],"curies":[{"name":"wp","href":"https:\/\/api.w.org\/{rel}","templated":true}]}}